{"id":4208,"date":"2023-10-20T03:44:07","date_gmt":"2023-10-20T01:44:07","guid":{"rendered":"https:\/\/alternativa.eu\/?page_id=4208"},"modified":"2023-10-22T15:13:11","modified_gmt":"2023-10-22T13:13:11","slug":"team-man","status":"publish","type":"page","link":"https:\/\/alternativa.eu\/en\/team-man\/","title":{"rendered":"Team MAN"},"content":{"rendered":"\r\n<p>Team Candidates Chisinau Candidates Suburbs Team<img decoding=\"async\" loading=\"lazy\" title=\"Ion_Ceban\" src=\"https:\/\/alternativa.eu\/wp-content\/uploads\/bb-plugin\/cache\/ion_ceban-820x1024-portrait.jpg\" alt=\"Ion_Ceban\" width=\"820\" height=\"1024\" data-no-lazy=\"1\" \/><\/p>\r\n<h3>Ion Ceban<\/h3>\r\n<p>President MAN<\/p>\r\n<!-- .pp-content-posts -->\r\n<p>Sunt m\u00e2ndru s\u0103 prezint o parte din marea echip\u0103 MAN, colegii mei din organiza\u021bia teritorial\u0103 MAN Chi\u0219in\u0103u. Anume cu ace\u0219ti oameni dedica\u021bi, am realizat pentru municipiul Chi\u0219in\u0103u ceea ce mul\u021bi au crezut c\u0103 este imposibil \u0219i am demonstrat c\u0103 se poate. Al\u0103turi de ei \u0219i mul\u021bi al\u021bii din echipa noastr\u0103, am gestionat crize majore precum: COVID, refugia\u021bi, criza energetic\u0103 \u0219i economic\u0103, blocajele politice. \u00cen acela\u0219i timp, \u00eempreun\u0103 cu locuitorii Chi\u0219in\u0103ului \u0219i ai suburbiilor, am reu\u0219it s\u0103 readucem \u00eencrederea c\u0103 putem schimba lucrurile spre bine \u00een Capital\u0103. Suntem capabili s\u0103 construim acas\u0103, deoarece omul sfin\u021be\u0219te locul! <br data-plugininputid=\"12\" \/><strong data-plugininputid=\"13\">\u00ceMPREUN\u0102 AM REU\u0218IT \u00ceN CHI\u0218IN\u0102U PENTRU TO\u021aI, PENTRU TINE.<\/strong> <img decoding=\"async\" loading=\"lazy\" title=\"team-12\" src=\"https:\/\/alternativa.eu\/wp-content\/uploads\/bb-plugin\/cache\/team-12-1024x1024-square.jpg\" alt=\"team-12\" width=\"1024\" height=\"1024\" data-no-lazy=\"1\" \/><\/p>\r\n<h4>Angela Cutasevichi<\/h4>\r\n<p>Member of the MAN National Council<img decoding=\"async\" loading=\"lazy\" title=\"team-24\" src=\"https:\/\/alternativa.eu\/wp-content\/uploads\/bb-plugin\/cache\/team-24-1024x1024-square.jpg\" alt=\"team-24\" width=\"1024\" height=\"1024\" data-no-lazy=\"1\" \/><\/p>\r\n<h4>Ilie Ceban<\/h4>\r\n<p>Member of the MAN National Office<img decoding=\"async\" loading=\"lazy\" title=\"team-34-Olga\" src=\"https:\/\/alternativa.eu\/wp-content\/uploads\/bb-plugin\/cache\/team-34-olga-square.jpg\" alt=\"team-34-Olga\" width=\"750\" height=\"750\" data-no-lazy=\"1\" \/><\/p>\r\n<h4>Olga Ursu<\/h4>\r\n<p>Member of the MAN National Council<img decoding=\"async\" loading=\"lazy\" title=\"team-4\" src=\"https:\/\/alternativa.eu\/wp-content\/uploads\/bb-plugin\/cache\/team-4-1024x1024-square.jpg\" alt=\"team-4\" width=\"1024\" height=\"1024\" data-no-lazy=\"1\" \/><\/p>\r\n<h4>Irina Gutnic<\/h4>\r\n<p>Member of the MAN National Council<img decoding=\"async\" loading=\"lazy\" title=\"team-1-s\" src=\"https:\/\/alternativa.eu\/wp-content\/uploads\/bb-plugin\/cache\/team-1-s-1024x1024-square.jpg\" alt=\"team-1-s\" width=\"1024\" height=\"1024\" data-no-lazy=\"1\" \/><\/p>\r\n<h4>Gaik Vartanean<\/h4>\r\n<p>Member of the MAN National Council<img decoding=\"async\" loading=\"lazy\" title=\"team-33\" src=\"https:\/\/alternativa.eu\/wp-content\/uploads\/bb-plugin\/cache\/team-33-1024x1024-square.jpg\" alt=\"team-33\" width=\"1024\" height=\"1024\" data-no-lazy=\"1\" \/><\/p>\r\n<h4>Elena Panush<\/h4>\r\n<p>Member of the MAN National Council<img decoding=\"async\" loading=\"lazy\" title=\"team-31\" src=\"https:\/\/alternativa.eu\/wp-content\/uploads\/bb-plugin\/cache\/team-31-1024x1024-square.jpg\" alt=\"team-31\" width=\"1024\" height=\"1024\" data-no-lazy=\"1\" \/><\/p>\r\n<h4>Nataly Ixari<\/h4>\r\n<p>Member of the MAN National Council<img decoding=\"async\" loading=\"lazy\" title=\"team-14\" src=\"https:\/\/alternativa.eu\/wp-content\/uploads\/bb-plugin\/cache\/team-14-1024x1024-square.jpg\" alt=\"team-14\" width=\"1024\" height=\"1024\" data-no-lazy=\"1\" \/><\/p>\r\n<h4>Vladimir Mitru<\/h4>\r\n<p>Member of the MAN National Council<img decoding=\"async\" loading=\"lazy\" title=\"team-19\" src=\"https:\/\/alternativa.eu\/wp-content\/uploads\/bb-plugin\/cache\/team-19-1024x1024-square.jpg\" alt=\"team-19\" width=\"1024\" height=\"1024\" data-no-lazy=\"1\" \/><\/p>\r\n<h4>Corneliu Iatsco<\/h4>\r\n<p>Member of the MAN National Council<img decoding=\"async\" loading=\"lazy\" title=\"team-26\" src=\"https:\/\/alternativa.eu\/wp-content\/uploads\/bb-plugin\/cache\/team-26-1024x1024-square.jpg\" alt=\"team-26\" width=\"1024\" height=\"1024\" data-no-lazy=\"1\" \/><\/p>\r\n<h4>Victor Pruteanu<\/h4>\r\n<p>Member of the MAN National Council<img decoding=\"async\" loading=\"lazy\" title=\"team-7\" src=\"https:\/\/alternativa.eu\/wp-content\/uploads\/bb-plugin\/cache\/team-7-1024x1024-square.jpg\" alt=\"team-7\" width=\"1024\" height=\"1024\" data-no-lazy=\"1\" \/><\/p>\r\n<h4>Olesea Sirghi<\/h4>\r\n<p>Member of the MAN National Council<img decoding=\"async\" loading=\"lazy\" title=\"team-3\" src=\"https:\/\/alternativa.eu\/wp-content\/uploads\/bb-plugin\/cache\/team-3-1024x1024-square.jpg\" alt=\"team-3\" width=\"1024\" height=\"1024\" data-no-lazy=\"1\" \/><\/p>\r\n<h4>Victoria Vershinina<\/h4>\r\n<p>President of the MAN Censors Commission<img decoding=\"async\" loading=\"lazy\" title=\"team-13\" src=\"https:\/\/alternativa.eu\/wp-content\/uploads\/bb-plugin\/cache\/team-13-1024x1024-square.jpg\" alt=\"team-13\" width=\"1024\" height=\"1024\" data-no-lazy=\"1\" \/><\/p>\r\n<h4>Vadim Hincu<\/h4>\r\n<p>Member of the MAN National Council<img decoding=\"async\" loading=\"lazy\" title=\"team-8\" src=\"https:\/\/alternativa.eu\/wp-content\/uploads\/bb-plugin\/cache\/team-8-1024x1024-square.jpg\" alt=\"team-8\" width=\"1024\" height=\"1024\" data-no-lazy=\"1\" \/><\/p>\r\n<h4>Diana Guba<\/h4>\r\n<p>Member of the MAN National Council<img decoding=\"async\" loading=\"lazy\" title=\"team-11\" src=\"https:\/\/alternativa.eu\/wp-content\/uploads\/bb-plugin\/cache\/team-11-1024x1024-square.jpg\" alt=\"team-11\" width=\"1024\" height=\"1024\" data-no-lazy=\"1\" \/><\/p>\r\n<h4>Vasile Moroi<\/h4>\r\n<p>Member of the MAN National Council<img decoding=\"async\" loading=\"lazy\" title=\"team-6\" src=\"https:\/\/alternativa.eu\/wp-content\/uploads\/bb-plugin\/cache\/team-6-1024x1024-square.jpg\" alt=\"team-6\" width=\"1024\" height=\"1024\" data-no-lazy=\"1\" \/><\/p>\r\n<h4>Sinilga Shcolnic<\/h4>\r\n<p>Member of the MAN National Council<img decoding=\"async\" loading=\"lazy\" title=\"team-17\" src=\"https:\/\/alternativa.eu\/wp-content\/uploads\/bb-plugin\/cache\/team-17-1024x1024-square.jpg\" alt=\"team-17\" width=\"1024\" height=\"1024\" data-no-lazy=\"1\" \/><\/p>\r\n<h4>Mihai Furculitsa<\/h4>\r\n<p>Member of the MAN National Council<img decoding=\"async\" loading=\"lazy\" title=\"team-20\" src=\"https:\/\/alternativa.eu\/wp-content\/uploads\/bb-plugin\/cache\/team-20-1024x1024-square.jpg\" alt=\"team-20\" width=\"1024\" height=\"1024\" data-no-lazy=\"1\" \/><\/p>\r\n<h4>Pavaloi Andrei<\/h4>\r\n<p>Member of the MAN National Council<img decoding=\"async\" loading=\"lazy\" title=\"team-30\" src=\"https:\/\/alternativa.eu\/wp-content\/uploads\/bb-plugin\/cache\/team-30-1024x1024-square.jpg\" alt=\"team-30\" width=\"1024\" height=\"1024\" data-no-lazy=\"1\" \/><\/p>\r\n<h4>Alina Tabacari<\/h4>\r\n<p>Member of the MAN National Council<img decoding=\"async\" loading=\"lazy\" title=\"team-27\" src=\"https:\/\/alternativa.eu\/wp-content\/uploads\/bb-plugin\/cache\/team-27-1024x1024-square.jpg\" alt=\"team-27\" width=\"1024\" height=\"1024\" data-no-lazy=\"1\" \/><\/p>\r\n<h4>Igor Girlea<\/h4>\r\n<p>Member of the MAN National Council<img decoding=\"async\" loading=\"lazy\" title=\"team-16\" src=\"https:\/\/alternativa.eu\/wp-content\/uploads\/bb-plugin\/cache\/team-16-1024x1024-square.jpg\" alt=\"team-16\" width=\"1024\" height=\"1024\" data-no-lazy=\"1\" \/><\/p>\r\n<h4>Ion Burdiumov<\/h4>\r\n<p>Member of the MAN National Council<img decoding=\"async\" loading=\"lazy\" title=\"team-9\" src=\"https:\/\/alternativa.eu\/wp-content\/uploads\/bb-plugin\/cache\/team-9-1024x1024-square.jpg\" alt=\"team-9\" width=\"1024\" height=\"1024\" data-no-lazy=\"1\" \/><\/p>\r\n<h4>Olesea Psenitschi<\/h4>\r\n<p>Member of the MAN National Council<img decoding=\"async\" loading=\"lazy\" title=\"team-1a\" src=\"https:\/\/alternativa.eu\/wp-content\/uploads\/bb-plugin\/cache\/team-1a-1024x1024-square.jpg\" alt=\"team-1a\" width=\"1024\" height=\"1024\" data-no-lazy=\"1\" \/><\/p>\r\n<h4>Tudor Girbu<\/h4>\r\n<p>Member of the MAN National Council<img decoding=\"async\" loading=\"lazy\" title=\"team-22\" src=\"https:\/\/alternativa.eu\/wp-content\/uploads\/bb-plugin\/cache\/team-22-1024x1024-square.jpg\" alt=\"team-22\" width=\"1024\" height=\"1024\" data-no-lazy=\"1\" \/><\/p>\r\n<h4>Roman Vitiuc<\/h4>\r\n<p>Member of the MAN National Council<img decoding=\"async\" loading=\"lazy\" title=\"team-25\" src=\"https:\/\/alternativa.eu\/wp-content\/uploads\/bb-plugin\/cache\/team-25-1024x1024-square.jpg\" alt=\"team-25\" width=\"1024\" height=\"1024\" data-no-lazy=\"1\" \/><\/p>\r\n<h4>Mihai Chebotar<\/h4>\r\n<p>Member of the MAN National Council<img decoding=\"async\" loading=\"lazy\" title=\"Mihalache\" src=\"https:\/\/alternativa.eu\/wp-content\/uploads\/bb-plugin\/cache\/mihalache-square.jpg\" alt=\"Mihalache\" width=\"486\" height=\"486\" data-no-lazy=\"1\" \/><\/p>\r\n<h4>Vitalie Mihalache<\/h4>\r\n<p>Member of the MAN National Council<img decoding=\"async\" loading=\"lazy\" title=\"Oboroc\" src=\"https:\/\/alternativa.eu\/wp-content\/uploads\/bb-plugin\/cache\/oboroc-square.jpg\" alt=\"Oboroc\" width=\"486\" height=\"486\" data-no-lazy=\"1\" \/><\/p>\r\n<h4>Tatiana Oboroc<\/h4>\r\n<p>Member of the MAN National Council<img decoding=\"async\" loading=\"lazy\" title=\"team-23\" src=\"https:\/\/alternativa.eu\/wp-content\/uploads\/bb-plugin\/cache\/team-23-1024x1024-square.jpg\" alt=\"team-23\" width=\"1024\" height=\"1024\" data-no-lazy=\"1\" \/><\/p>\r\n<h4>Dorin Chiorny<\/h4>\r\n<p>Member of the MAN National Council<img decoding=\"async\" loading=\"lazy\" title=\"Tacu\" src=\"https:\/\/alternativa.eu\/wp-content\/uploads\/bb-plugin\/cache\/tacu-square.jpg\" alt=\"Tacu\" width=\"486\" height=\"486\" data-no-lazy=\"1\" \/><\/p>\r\n<h4>Diana Tacu<\/h4>\r\n<p>Member of the MAN Censors Commission<img decoding=\"async\" loading=\"lazy\" title=\"team-28\" src=\"https:\/\/alternativa.eu\/wp-content\/uploads\/bb-plugin\/cache\/team-28-1024x1024-square.jpg\" alt=\"team-28\" width=\"1024\" height=\"1024\" data-no-lazy=\"1\" \/><\/p>\r\n<h4>Peter Grecu<\/h4>\r\n<p>Member of the MAN National Council<img decoding=\"async\" loading=\"lazy\" title=\"Darie\" src=\"https:\/\/alternativa.eu\/wp-content\/uploads\/bb-plugin\/cache\/darie-square.jpg\" alt=\"Darie\" width=\"486\" height=\"486\" data-no-lazy=\"1\" \/><\/p>\r\n<h4>Ruslan Darie<\/h4>\r\n<p>Member of the MAN National Council<img decoding=\"async\" loading=\"lazy\" title=\"team-10\" src=\"https:\/\/alternativa.eu\/wp-content\/uploads\/bb-plugin\/cache\/team-10-1024x1024-square.jpg\" alt=\"team-10\" width=\"1024\" height=\"1024\" data-no-lazy=\"1\" \/><\/p>\r\n<h4>Victor Poiana<\/h4>\r\n<p>Member of the MAN Censors Commission<img decoding=\"async\" loading=\"lazy\" title=\"Grigoritchi\" src=\"https:\/\/alternativa.eu\/wp-content\/uploads\/bb-plugin\/cache\/grigoritchi-square.jpg\" alt=\"Grigoritchi\" width=\"486\" height=\"486\" data-no-lazy=\"1\" \/><\/p>\r\n<h4>Olga Grigoritchi<\/h4>\r\n<p>Member of the MAN National Council<img decoding=\"async\" loading=\"lazy\" title=\"team-18\" src=\"https:\/\/alternativa.eu\/wp-content\/uploads\/bb-plugin\/cache\/team-18-1024x1024-square.jpg\" alt=\"team-18\" width=\"1024\" height=\"1024\" data-no-lazy=\"1\" \/><\/p>\r\n<h4>Grigore Bejenaru<\/h4>\r\n<p>Member of the MAN National Council<img decoding=\"async\" loading=\"lazy\" title=\"But\" src=\"https:\/\/alternativa.eu\/wp-content\/uploads\/bb-plugin\/cache\/but-square.jpg\" alt=\"But\" width=\"486\" height=\"486\" data-no-lazy=\"1\" \/><\/p>\r\n<h4>Veaceslav But<\/h4>\r\n<p>Member of the MAN National Council<img decoding=\"async\" loading=\"lazy\" title=\"Maximenco\" src=\"https:\/\/alternativa.eu\/wp-content\/uploads\/bb-plugin\/cache\/maximenco-square.jpg\" alt=\"Maximenco\" width=\"486\" height=\"486\" data-no-lazy=\"1\" \/><\/p>\r\n<h4>Lilia Maximenco<\/h4>\r\n<p>Member of the MAN National Council<img decoding=\"async\" loading=\"lazy\" title=\"Zadesenet\" src=\"https:\/\/alternativa.eu\/wp-content\/uploads\/bb-plugin\/cache\/zadesenet-square.jpg\" alt=\"Zadesenet\" width=\"486\" height=\"486\" data-no-lazy=\"1\" \/><\/p>\r\n<h4>Ghenadie Zadesenet<\/h4>\r\n<p>Member of the MAN National Council<img decoding=\"async\" loading=\"lazy\" title=\"Nicorici\" src=\"https:\/\/alternativa.eu\/wp-content\/uploads\/bb-plugin\/cache\/nicorici-square.jpg\" alt=\"Nicorici\" width=\"486\" height=\"486\" data-no-lazy=\"1\" \/><\/p>\r\n<h4>Iulia Nicorici<\/h4>\r\n<p>Member of the MAN National Council<img decoding=\"async\" loading=\"lazy\" title=\"team-5\" src=\"https:\/\/alternativa.eu\/wp-content\/uploads\/bb-plugin\/cache\/team-5-1024x1024-square.jpg\" alt=\"team-5\" width=\"1024\" height=\"1024\" data-no-lazy=\"1\" \/><\/p>\r\n<h4>Alexander Chiudin<\/h4>\r\n<p>Member of the MAN National Council<img decoding=\"async\" loading=\"lazy\" title=\"team-32\" src=\"https:\/\/alternativa.eu\/wp-content\/uploads\/bb-plugin\/cache\/team-32-1024x1024-square.jpg\" alt=\"team-32\" width=\"1024\" height=\"1024\" data-no-lazy=\"1\" \/><\/p>\r\n<h4>Andrian Grigoritschi<\/h4>\r\n<p>Member of the MAN National Council<img decoding=\"async\" loading=\"lazy\" title=\"team-21\" src=\"https:\/\/alternativa.eu\/wp-content\/uploads\/bb-plugin\/cache\/team-21-1024x1024-square.jpg\" alt=\"team-21\" width=\"1024\" height=\"1024\" data-no-lazy=\"1\" \/><\/p>\r\n<h4>Dumitru Mitioglo<\/h4>\r\n<p>Member of the MAN National Council<img decoding=\"async\" loading=\"lazy\" title=\"team-15\" src=\"https:\/\/alternativa.eu\/wp-content\/uploads\/bb-plugin\/cache\/team-15-1024x1024-square.jpg\" alt=\"team-15\" width=\"1024\" height=\"1024\" data-no-lazy=\"1\" \/><\/p>\r\n<h4>Sergiu Tomita<\/h4>\r\n<p>Member of the MAN National Council<img decoding=\"async\" loading=\"lazy\" title=\"Badan\" src=\"https:\/\/alternativa.eu\/wp-content\/uploads\/bb-plugin\/cache\/badan-square.jpg\" alt=\"Badan\" width=\"486\" height=\"486\" data-no-lazy=\"1\" \/><\/p>\r\n<h4>Nicolai Badan<\/h4>\r\n<p>Member of the MAN National Council<img decoding=\"async\" loading=\"lazy\" title=\"Timbaliuc\" src=\"https:\/\/alternativa.eu\/wp-content\/uploads\/bb-plugin\/cache\/timbaliuc-square.jpg\" alt=\"Timbaliuc\" width=\"486\" height=\"486\" data-no-lazy=\"1\" \/><\/p>\r\n<h4>Victor T\u00eembaliuc<\/h4>\r\n<p>MAN member<img decoding=\"async\" loading=\"lazy\" title=\"team-29\" src=\"https:\/\/alternativa.eu\/wp-content\/uploads\/bb-plugin\/cache\/team-29-1024x1024-square.jpg\" alt=\"team-29\" width=\"1024\" height=\"1024\" data-no-lazy=\"1\" \/><\/p>\r\n<h4>Serghei Afanasenco<\/h4>\r\n<p>Member of the MAN National Council, CMC advisor<img decoding=\"async\" loading=\"lazy\" title=\"Polodiuc\" src=\"https:\/\/alternativa.eu\/wp-content\/uploads\/bb-plugin\/cache\/polodiuc-square.jpg\" alt=\"Polodiuc\" width=\"486\" height=\"486\" data-no-lazy=\"1\" \/><\/p>\r\n<h4>Ludmila Polodiuc<\/h4>\r\n<p>Member of MAN, councilor in CMC<img decoding=\"async\" loading=\"lazy\" title=\"Serepitico\" src=\"https:\/\/alternativa.eu\/wp-content\/uploads\/bb-plugin\/cache\/serepitico-square.jpg\" alt=\"Serepitico\" width=\"486\" height=\"486\" data-no-lazy=\"1\" \/><\/p>\r\n<h4>Oleg Serepitico<\/h4>\r\n<p>MAN member, councilor in CMC<img decoding=\"async\" loading=\"lazy\" title=\"Aghenie\" src=\"https:\/\/alternativa.eu\/wp-content\/uploads\/bb-plugin\/cache\/aghenie-square.jpg\" alt=\"Aghenie\" width=\"486\" height=\"486\" data-no-lazy=\"1\" \/><\/p>\r\n<h4>Alexander Aghenie<\/h4>\r\n<p>MAN member, councilor in CMC<img decoding=\"async\" loading=\"lazy\" title=\"photo_2023-09-01_20-09-51\" src=\"https:\/\/alternativa.eu\/wp-content\/uploads\/bb-plugin\/cache\/photo_2023-09-01_20-09-51-square.jpg\" alt=\"photo_2023-09-01_20-09-51\" width=\"591\" height=\"591\" data-no-lazy=\"1\" \/><\/p>\r\n<h4>Corneliu Pintea<\/h4>\r\n<p>MAN member, councilor in CMC<img decoding=\"async\" loading=\"lazy\" title=\"team-35\" src=\"https:\/\/alternativa.eu\/wp-content\/uploads\/bb-plugin\/cache\/team-35-1024x1024-square.jpg\" alt=\"team-35\" width=\"1024\" height=\"1024\" data-no-lazy=\"1\" \/><\/p>\r\n<h4>Denis Sava<\/h4>\r\n<p>Member of the MAN National<\/p>\r\n<!-- .pp-content-posts -->\r\n<p>M\u00e2ndri c\u0103 facem parte dintr-o echip\u0103 puternic\u0103.<br data-plugininputid=\"10\" \/>Suntem tineri, dedica\u021bi, vrem \u0219i putem s\u0103 schimb\u0103m lucrurile spre bine.<br data-plugininputid=\"11\" \/>Nimeni nu va face curat la noi acas\u0103, dec\u00e2t noi \u00een\u0219ine. \u0218tim ce avem de<br data-plugininputid=\"12\" \/>f\u0103cut, avem viziune \u0219i suntem determina\u021bi s\u0103 ac\u021bion\u0103m \u00een continuare. Candidates Chisinau<\/p>\r\n<p>Sorry, we couldn&#8217;t find any posts. Please try a different search.<\/p>\r\n<form role=\"search\" action=\"https:\/\/alternativa.eu\/en\/\" method=\"get\"><label for=\"is-search-input-434\">Search for:<input id=\"is-search-input-434\" autocomplete=\"off\" name=\"s\" type=\"search\" value=\"\" placeholder=\"Search here...\" \/><\/label><button type=\"submit\">Search Button<\/button><\/form>\r\n<p>Candidates Suburbs <a role=\"button\" href=\"https:\/\/suburbii.alternativa.eu\/bacioi\/\" target=\"_blank\" rel=\"noopener\"> B\u0103cioi <\/a> <a role=\"button\" href=\"https:\/\/suburbii.alternativa.eu\/bubuieci\/\" target=\"_blank\" rel=\"noopener\"> Bubuieci <\/a> <a role=\"button\" href=\"https:\/\/suburbii.alternativa.eu\/budesti\/\" target=\"_blank\" rel=\"noopener\"> Bude\u0219ti <\/a> <a role=\"button\" href=\"https:\/\/suburbii.alternativa.eu\/ciorescu\/\" target=\"_blank\" rel=\"noopener\"> Ciorescu <\/a> <a role=\"button\" href=\"https:\/\/suburbii.alternativa.eu\/codru\/\" target=\"_blank\" rel=\"noopener\"> Codru <\/a> <a role=\"button\" href=\"#\" target=\"_blank\" rel=\"noopener\"> Coloni\u0163a <\/a> <a role=\"button\" href=\"https:\/\/suburbii.alternativa.eu\/cricova\/\" target=\"_blank\" rel=\"noopener\"> Cricova <\/a> <a role=\"button\" href=\"https:\/\/suburbii.alternativa.eu\/cruzesti\/\" target=\"_blank\" rel=\"noopener\"> Cruze\u015fti <\/a> <a role=\"button\" href=\"https:\/\/suburbii.alternativa.eu\/durlesti\/\" target=\"_blank\" rel=\"noopener\"> Durle\u015fti <\/a> <a role=\"button\" href=\"https:\/\/suburbii.alternativa.eu\/ghidighici\/\" target=\"_blank\" rel=\"noopener\"> Ghidighici <\/a> <a role=\"button\" href=\"https:\/\/suburbii.alternativa.eu\/gratiesti\/\" target=\"_blank\" rel=\"noopener\"> Gr\u0103tie\u015fti <\/a> <a role=\"button\" href=\"https:\/\/suburbii.alternativa.eu\/singera\/\" target=\"_blank\" rel=\"noopener\"> S\u00eengera <\/a> <a role=\"button\" href=\"https:\/\/suburbii.alternativa.eu\/stauceni\/\" target=\"_blank\" rel=\"noopener\"> St\u0103uceni <\/a> <a role=\"button\" href=\"https:\/\/suburbii.alternativa.eu\/tohatin\/\" target=\"_blank\" rel=\"noopener\"> Tohatin <\/a> <a role=\"button\" href=\"https:\/\/suburbii.alternativa.eu\/truseni\/\" target=\"_blank\" rel=\"noopener\"> Tru\u0219eni <\/a> <a role=\"button\" href=\"https:\/\/suburbii.alternativa.eu\/vadul-lui-voda\/\" target=\"_blank\" rel=\"noopener\"> Vadul lui Vod\u0103 <\/a> <a role=\"button\" href=\"https:\/\/suburbii.alternativa.eu\/vatra\/\" target=\"_blank\" rel=\"noopener\"> Vatra <\/a><\/p>\r\n","protected":false},"excerpt":{"rendered":"<p>Team Candidates Chisinau Candidates Suburbs Team Ion Ceban President MAN Sunt m\u00e2ndru s\u0103 prezint o parte din marea echip\u0103 MAN, colegii mei din organiza\u021bia teritorial\u0103 MAN Chi\u0219in\u0103u. Anume cu ace\u0219ti oameni dedica\u021bi, am realizat pentru municipiul Chi\u0219in\u0103u ceea ce mul\u021bi au crezut c\u0103 este imposibil \u0219i am demonstrat c\u0103 se poate. Al\u0103turi de ei \u0219i&hellip;<\/p>\n","protected":false},"author":1,"featured_media":0,"parent":0,"menu_order":0,"comment_status":"closed","ping_status":"closed","template":"","meta":{"inline_featured_image":false,"pgc_sgb_lightbox_settings":"","footnotes":""},"acf":[],"_links":{"self":[{"href":"https:\/\/alternativa.eu\/en\/wp-json\/wp\/v2\/pages\/4208"}],"collection":[{"href":"https:\/\/alternativa.eu\/en\/wp-json\/wp\/v2\/pages"}],"about":[{"href":"https:\/\/alternativa.eu\/en\/wp-json\/wp\/v2\/types\/page"}],"author":[{"embeddable":true,"href":"https:\/\/alternativa.eu\/en\/wp-json\/wp\/v2\/users\/1"}],"replies":[{"embeddable":true,"href":"https:\/\/alternativa.eu\/en\/wp-json\/wp\/v2\/comments?post=4208"}],"version-history":[{"count":5,"href":"https:\/\/alternativa.eu\/en\/wp-json\/wp\/v2\/pages\/4208\/revisions"}],"predecessor-version":[{"id":4227,"href":"https:\/\/alternativa.eu\/en\/wp-json\/wp\/v2\/pages\/4208\/revisions\/4227"}],"wp:attachment":[{"href":"https:\/\/alternativa.eu\/en\/wp-json\/wp\/v2\/media?parent=4208"}],"curies":[{"name":"wp","href":"https:\/\/api.w.org\/{rel}","templated":true}]}}